{"id":5749,"date":"2024-10-18T15:43:05","date_gmt":"2024-10-18T15:43:05","guid":{"rendered":"https:\/\/www.akademikdepo.com\/?page_id=5749"},"modified":"2024-10-18T15:43:47","modified_gmt":"2024-10-18T15:43:47","slug":"barter-modulu","status":"publish","type":"page","link":"https:\/\/www.akademikdepo.com\/?page_id=5749","title":{"rendered":"Barter Mod\u00fcl\u00fc"},"content":{"rendered":"\t\t<div data-elementor-type=\"wp-page\" data-elementor-id=\"5749\" class=\"elementor elementor-5749\">\n\t\t\t\t<div class=\"elementor-element elementor-element-d4f1fd0 e-flex e-con-boxed e-con e-parent\" data-id=\"d4f1fd0\" data-element_type=\"container\">\n\t\t\t\t\t<div class=\"e-con-inner\">\n\t\t\t\t<div class=\"elementor-element elementor-element-e03002d elementor-view-default elementor-widget elementor-widget-icon\" data-id=\"e03002d\" data-element_type=\"widget\" data-widget_type=\"icon.default\">\n\t\t\t\t<div class=\"elementor-widget-container\">\n\t\t\t\t\t\t\t<div class=\"elementor-icon-wrapper\">\n\t\t\t<div class=\"elementor-icon\">\n\t\t\t<svg aria-hidden=\"true\" class=\"e-font-icon-svg e-fas-paperclip\" viewBox=\"0 0 448 512\" xmlns=\"http:\/\/www.w3.org\/2000\/svg\"><path d=\"M43.246 466.142c-58.43-60.289-57.341-157.511 1.386-217.581L254.392 34c44.316-45.332 116.351-45.336 160.671 0 43.89 44.894 43.943 117.329 0 162.276L232.214 383.128c-29.855 30.537-78.633 30.111-107.982-.998-28.275-29.97-27.368-77.473 1.452-106.953l143.743-146.835c6.182-6.314 16.312-6.422 22.626-.241l22.861 22.379c6.315 6.182 6.422 16.312.241 22.626L171.427 319.927c-4.932 5.045-5.236 13.428-.648 18.292 4.372 4.634 11.245 4.711 15.688.165l182.849-186.851c19.613-20.062 19.613-52.725-.011-72.798-19.189-19.627-49.957-19.637-69.154 0L90.39 293.295c-34.763 35.56-35.299 93.12-1.191 128.313 34.01 35.093 88.985 35.137 123.058.286l172.06-175.999c6.177-6.319 16.307-6.433 22.626-.256l22.877 22.364c6.319 6.177 6.434 16.307.256 22.626l-172.06 175.998c-59.576 60.938-155.943 60.216-214.77-.485z\"><\/path><\/svg>\t\t\t<\/div>\n\t\t<\/div>\n\t\t\t\t\t\t<\/div>\n\t\t\t\t<\/div>\n\t\t<div class=\"elementor-element elementor-element-8a80094 e-con-full e-flex e-con e-child\" data-id=\"8a80094\" data-element_type=\"container\">\n\t\t\t\t<div class=\"elementor-element elementor-element-5bee297 elementor-widget elementor-widget-heading\" data-id=\"5bee297\" data-element_type=\"widget\" data-widget_type=\"heading.default\">\n\t\t\t\t<div class=\"elementor-widget-container\">\n\t\t\t\t\t<h2 class=\"elementor-heading-title elementor-size-default\">BARTER MOD\u00dcL\u00dc KAYIT FORMU<\/h2>\t\t\t\t<\/div>\n\t\t\t\t<\/div>\n\t\t\t\t<div class=\"elementor-element elementor-element-1758c29 elementor-widget elementor-widget-text-editor\" data-id=\"1758c29\" data-element_type=\"widget\" data-widget_type=\"text-editor.default\">\n\t\t\t\t<div class=\"elementor-widget-container\">\n\t\t\t\t\t\t\t\t\t<h4>L\u00fctfen Yandaki bilgileri istedi\u011finiz \u00fcr\u00fcn kodunu girerek m\u00fc\u015fteri hizmetlerimizle payla\u015f\u0131n.<\/h4>\t\t\t\t\t\t\t\t<\/div>\n\t\t\t\t<\/div>\n\t\t\t\t<\/div>\n\t\t<div class=\"elementor-element elementor-element-806a89b e-con-full e-flex e-con e-child\" data-id=\"806a89b\" data-element_type=\"container\">\n\t\t\t\t<div class=\"elementor-element elementor-element-910fb0a elementor-widget elementor-widget-wpforms\" data-id=\"910fb0a\" data-element_type=\"widget\" data-widget_type=\"wpforms.default\">\n\t\t\t\t<div class=\"elementor-widget-container\">\n\t\t\t\t\t<style id=\"wpforms-css-vars-elementor-widget-910fb0a\">\n\t\t\t\t.elementor-widget-wpforms.elementor-element-910fb0a {\n\t\t\t\t--wpforms-field-size-input-height: 43px;\n--wpforms-field-size-input-spacing: 15px;\n--wpforms-field-size-font-size: 16px;\n--wpforms-field-size-line-height: 19px;\n--wpforms-field-size-padding-h: 14px;\n--wpforms-field-size-checkbox-size: 16px;\n--wpforms-field-size-sublabel-spacing: 5px;\n--wpforms-field-size-icon-size: 1;\n--wpforms-label-size-font-size: 16px;\n--wpforms-label-size-line-height: 19px;\n--wpforms-label-size-sublabel-font-size: 14px;\n--wpforms-label-size-sublabel-line-height: 17px;\n--wpforms-button-size-font-size: 17px;\n--wpforms-button-size-height: 41px;\n--wpforms-button-size-padding-h: 15px;\n--wpforms-button-size-margin-top: 10px;\n\n\t\t\t}\n\t\t\t<\/style><div class=\"wpforms-container wpforms-container-full wpforms-render-modern\" id=\"wpforms-5745\"><form id=\"wpforms-form-5745\" class=\"wpforms-validate wpforms-form wpforms-ajax-form\" data-formid=\"5745\" method=\"post\" enctype=\"multipart\/form-data\" action=\"\/index.php?rest_route=%2Fwp%2Fv2%2Fpages%2F5749\" data-token=\"4136b86151337960b376bcddd3821452\" data-token-time=\"1776432153\"><noscript class=\"wpforms-error-noscript\">Bu formu bitirebilmek i\u00e7in taray\u0131c\u0131n\u0131zda JavaScript&#039;i etkinle\u015ftirin.<\/noscript><div class=\"wpforms-hidden\" id=\"wpforms-error-noscript\">Bu formu bitirebilmek i\u00e7in taray\u0131c\u0131n\u0131zda JavaScript&#039;i etkinle\u015ftirin.<\/div><div class=\"wpforms-field-container\"><div id=\"wpforms-5745-field_0-container\" class=\"wpforms-field wpforms-field-name\" data-field-id=\"0\"><fieldset><legend class=\"wpforms-field-label\">\u0130sim <span class=\"wpforms-required-label\" aria-hidden=\"true\">*<\/span><\/legend><div class=\"wpforms-field-row wpforms-field-medium\"><div class=\"wpforms-field-row-block wpforms-first wpforms-one-half\"><input type=\"text\" id=\"wpforms-5745-field_0\" class=\"wpforms-field-name-first wpforms-field-required\" name=\"wpforms[fields][0][first]\" aria-errormessage=\"wpforms-5745-field_0-error\" required><label for=\"wpforms-5745-field_0\" class=\"wpforms-field-sublabel after\">Ad<\/label><\/div><div class=\"wpforms-field-row-block wpforms-one-half\"><input type=\"text\" id=\"wpforms-5745-field_0-last\" class=\"wpforms-field-name-last wpforms-field-required\" name=\"wpforms[fields][0][last]\" aria-errormessage=\"wpforms-5745-field_0-last-error\" required><label for=\"wpforms-5745-field_0-last\" class=\"wpforms-field-sublabel after\">Soyad<\/label><\/div><\/div><\/fieldset><\/div><div id=\"wpforms-5745-field_1-container\" class=\"wpforms-field wpforms-field-email\" data-field-id=\"1\"><label class=\"wpforms-field-label\" for=\"wpforms-5745-field_1\">Email <span class=\"wpforms-required-label\" aria-hidden=\"true\">*<\/span><\/label><input type=\"email\" id=\"wpforms-5745-field_1\" class=\"wpforms-field-medium wpforms-field-required\" name=\"wpforms[fields][1]\" spellcheck=\"false\" aria-errormessage=\"wpforms-5745-field_1-error\" required><\/div><div id=\"wpforms-5745-field_14-container\" class=\"wpforms-field wpforms-field-email\" data-field-id=\"14\"><label class=\"wpforms-field-label\" for=\"wpforms-5745-field_14\">Takasa A\u00e7\u0131k \u00dcr\u00fcn (Sitedeki) <span class=\"wpforms-required-label\" aria-hidden=\"true\">*<\/span><\/label><input type=\"email\" id=\"wpforms-5745-field_14\" class=\"wpforms-field-medium wpforms-field-required\" name=\"wpforms[fields][14]\" spellcheck=\"false\" aria-errormessage=\"wpforms-5745-field_14-error\" required><\/div><div id=\"wpforms-5745-field_7-container\" class=\"wpforms-field wpforms-field-email\" data-field-id=\"7\"><label class=\"wpforms-field-label\" for=\"wpforms-5745-field_7\">\u00dcr\u00fcn Kod Numaras\u0131 <span class=\"wpforms-required-label\" aria-hidden=\"true\">*<\/span><\/label><input type=\"email\" id=\"wpforms-5745-field_7\" class=\"wpforms-field-medium wpforms-field-required\" name=\"wpforms[fields][7]\" spellcheck=\"false\" aria-errormessage=\"wpforms-5745-field_7-error\" required><\/div><div id=\"wpforms-5745-field_17-container\" class=\"wpforms-field wpforms-field-email\" data-field-id=\"17\"><label class=\"wpforms-field-label\" for=\"wpforms-5745-field_17\">Teklif Edilen \u00dcr\u00fcn<\/label><input type=\"email\" id=\"wpforms-5745-field_17\" class=\"wpforms-field-medium\" name=\"wpforms[fields][17]\" spellcheck=\"false\" aria-errormessage=\"wpforms-5745-field_17-error\" ><\/div><div id=\"wpforms-5745-field_5-container\" class=\"wpforms-field wpforms-field-payment-checkbox\" data-field-id=\"5\"><fieldset><legend class=\"wpforms-field-label\">Kargo Tercih Bilgileri<\/legend><ul id=\"wpforms-5745-field_5\"><li class=\"choice-1\"><input type=\"checkbox\" id=\"wpforms-5745-field_5_1\" class=\"wpforms-payment-price\" data-amount=\"10.00\" name=\"wpforms[fields][5][]\" value=\"1\" aria-errormessage=\"wpforms-5745-field_5_1-error\"  ><label class=\"wpforms-field-label-inline\" for=\"wpforms-5745-field_5_1\">Depo Teslim<\/label><\/li><li class=\"choice-2\"><input type=\"checkbox\" id=\"wpforms-5745-field_5_2\" class=\"wpforms-payment-price\" data-amount=\"20.00\" name=\"wpforms[fields][5][]\" value=\"2\" aria-errormessage=\"wpforms-5745-field_5_2-error\"  ><label class=\"wpforms-field-label-inline\" for=\"wpforms-5745-field_5_2\">Express<\/label><\/li><\/ul><\/fieldset><\/div><div id=\"wpforms-5745-field_4-container\" class=\"wpforms-field wpforms-field-payment-total wpforms-field-medium\" data-field-id=\"4\"><label class=\"wpforms-field-label\">Toplam <\/label><div class=\"wpforms-payment-total\" style=\"\">&#036;0.00<\/div><input type=\"hidden\" id=\"wpforms-5745-field_4\" class=\"wpforms-field-medium wpforms-payment-total\" name=\"wpforms[fields][4]\" value=\"0\"><\/div><\/div><!-- .wpforms-field-container --><div class=\"wpforms-submit-container\" ><input type=\"hidden\" name=\"wpforms[id]\" value=\"5745\"><input type=\"hidden\" name=\"page_title\" value=\"\"><input type=\"hidden\" name=\"page_url\" value=\"https:\/\/www.akademikdepo.com\/index.php?rest_route=\/wp\/v2\/pages\/5749\"><input type=\"hidden\" name=\"url_referer\" value=\"\"><button type=\"submit\" name=\"wpforms[submit]\" id=\"wpforms-submit-5745\" class=\"wpforms-submit\" data-alt-text=\"G\u00f6nderiliyor...\" data-submit-text=\"G\u00f6nder\" aria-live=\"assertive\" value=\"wpforms-submit\">G\u00f6nder<\/button><img decoding=\"async\" src=\"https:\/\/www.akademikdepo.com\/wp-content\/plugins\/wpforms-lite\/assets\/images\/submit-spin.svg\" class=\"wpforms-submit-spinner\" style=\"display: none;\" width=\"26\" height=\"26\" alt=\"Y\u00fckleniyor\"><\/div><\/form><\/div>  <!-- .wpforms-container -->\t\t\t\t<\/div>\n\t\t\t\t<\/div>\n\t\t\t\t<\/div>\n\t\t\t\t\t<\/div>\n\t\t\t\t<\/div>\n\t\t\t\t<\/div>\n\t\t","protected":false},"excerpt":{"rendered":"<p>BARTER MOD\u00dcL\u00dc KAYIT FORMU L\u00fctfen Yandaki bilgileri istedi\u011finiz \u00fcr\u00fcn kodunu girerek m\u00fc\u015fteri hizmetlerimizle payla\u015f\u0131n. Bu formu bitirebilmek i\u00e7in taray\u0131c\u0131n\u0131zda JavaScript&#039;i etkinle\u015ftirin.Bu formu bitirebilmek i\u00e7in taray\u0131c\u0131n\u0131zda JavaScript&#039;i etkinle\u015ftirin. \u0130sim * AdSoyad<\/p>\n","protected":false},"author":1,"featured_media":0,"parent":0,"menu_order":0,"comment_status":"closed","ping_status":"closed","template":"","meta":{"_acf_changed":false,"footnotes":""},"class_list":["post-5749","page","type-page","status-publish","hentry"],"acf":[],"jetpack_sharing_enabled":true,"_links":{"self":[{"href":"https:\/\/www.akademikdepo.com\/index.php?rest_route=\/wp\/v2\/pages\/5749","targetHints":{"allow":["GET"]}}],"collection":[{"href":"https:\/\/www.akademikdepo.com\/index.php?rest_route=\/wp\/v2\/pages"}],"about":[{"href":"https:\/\/www.akademikdepo.com\/index.php?rest_route=\/wp\/v2\/types\/page"}],"author":[{"embeddable":true,"href":"https:\/\/www.akademikdepo.com\/index.php?rest_route=\/wp\/v2\/users\/1"}],"replies":[{"embeddable":true,"href":"https:\/\/www.akademikdepo.com\/index.php?rest_route=%2Fwp%2Fv2%2Fcomments&post=5749"}],"version-history":[{"count":7,"href":"https:\/\/www.akademikdepo.com\/index.php?rest_route=\/wp\/v2\/pages\/5749\/revisions"}],"predecessor-version":[{"id":5757,"href":"https:\/\/www.akademikdepo.com\/index.php?rest_route=\/wp\/v2\/pages\/5749\/revisions\/5757"}],"wp:attachment":[{"href":"https:\/\/www.akademikdepo.com\/index.php?rest_route=%2Fwp%2Fv2%2Fmedia&parent=5749"}],"curies":[{"name":"wp","href":"https:\/\/api.w.org\/{rel}","templated":true}]}}